{"id":2896,"date":"2023-05-18T11:50:37","date_gmt":"2023-05-18T08:50:37","guid":{"rendered":"https:\/\/gotesol.com\/tr\/?page_id=2896"},"modified":"2023-06-05T20:14:46","modified_gmt":"2023-06-05T17:14:46","slug":"cesitlilik-politikasi","status":"publish","type":"page","link":"https:\/\/gotesol.com\/tr\/cesitlilik-politikasi","title":{"rendered":"\u00c7e\u015fitlilik Politikas\u0131"},"content":{"rendered":"\r\n<p>&nbsp;<\/p>\r\n<p>GoTESOL, i\u015fimizin t\u00fcm y\u00f6nlerinde \u00e7e\u015fitlili\u011fi ve kapsay\u0131c\u0131l\u0131\u011f\u0131 te\u015fvik etmeyi ve bu de\u011ferleri benimsemeyi kendimize g\u00f6rev edindik. \u00c7e\u015fitli ve kapsay\u0131c\u0131 bir ortam\u0131n sadece \u00e7al\u0131\u015fanlar\u0131m\u0131za de\u011fil, ayn\u0131 zamanda m\u00fc\u015fterilerimize ola\u011fan\u00fcst\u00fc hizmet sunma kabiliyetimizi de art\u0131rd\u0131\u011f\u0131na inan\u0131yoruz.<\/p>\r\n<p><strong>\u00c7e\u015fitlilik Politikam\u0131z, a\u015fa\u011f\u0131daki de\u011ferleri i\u00e7erir:<\/strong><\/p>\r\n<ol>\r\n<li><strong>Ayr\u0131mc\u0131l\u0131k Yapmama:<\/strong> \u0130stihdam veya i\u015f uygulamalar\u0131m\u0131zda \u0131rk, renk, din, cinsiyet, cinsel y\u00f6nelim, cinsiyet kimli\u011fi veya ifadesi, milli k\u00f6ken, ya\u015f, genetik bilgi, engellilik veya gazilik durumu temelinde ayr\u0131mc\u0131l\u0131k yapmay\u0131z.<\/li>\r\n<li><strong>Se\u00e7me ve \u0130\u015fe Al\u0131m:<\/strong> T\u00fcm pozisyonlar i\u00e7in \u00e7e\u015fitli bir aday havuzu olu\u015fturmay\u0131 hedefliyoruz ve i\u015fe al\u0131m kararlar\u0131m\u0131z\u0131 nitelikler, beceriler ve deneyime dayal\u0131 olarak yap\u0131yoruz. Az temsil edilen gruplar\u0131 aktif olarak ar\u0131yor ve ba\u015fvurmalar\u0131n\u0131 te\u015fvik ediyoruz.<\/li>\r\n<li><strong>E\u011fitim ve Geli\u015ftirme:<\/strong> T\u00fcm \u00e7al\u0131\u015fanlar\u0131m\u0131za, i\u015fyerinde \u00e7e\u015fitlili\u011fi ve kapsay\u0131c\u0131l\u0131\u011f\u0131 desteklemek i\u00e7in gerekli olan beceri ve bilgilere sahip olmalar\u0131n\u0131 sa\u011flamak i\u00e7in e\u011fitim ve geli\u015ftirme f\u0131rsatlar\u0131 sunuyoruz. Bu, bilin\u00e7d\u0131\u015f\u0131 \u00f6nyarg\u0131, k\u00fclt\u00fcrel yeterlilik ve \u00e7e\u015fitlilik ve kapsama en iyi uygulamalar\u0131 hakk\u0131nda e\u011fitimi i\u00e7erir.<\/li>\r\n<li><strong>\u00c7al\u0131\u015fan Deste\u011fi:<\/strong> T\u00fcm \u00e7al\u0131\u015fanlar i\u00e7in a\u00e7\u0131k ileti\u015fimi ve sayg\u0131y\u0131 te\u015fvik eden destekleyici ve kapsay\u0131c\u0131 bir \u00e7al\u0131\u015fma ortam\u0131 sa\u011fl\u0131yoruz. Esnek i\u015f saatleri, engellilik ve dini uygulamalar i\u00e7in d\u00fczenlemeler ve \u00e7al\u0131\u015fanlar\u0131n \u00e7e\u015fitlilik ve kapsamay\u0131 inisiyatiflerini destekleyen hizmetler sunuyoruz.<\/li>\r\n<li><strong>M\u00fc\u015fteri Deste\u011fi:<\/strong> T\u00fcm m\u00fc\u015fterilerimize, arka planlar\u0131 veya kimliklerinden ba\u011f\u0131ms\u0131z olarak ola\u011fan\u00fcst\u00fc hizmet sunmay\u0131 taahh\u00fct ediyoruz. M\u00fc\u015fterilerimizin \u00e7e\u015fitli ihtiya\u00e7lar\u0131n\u0131 anlamay\u0131 ve kar\u015f\u0131lamay\u0131 hedefliyoruz ve \u00e7al\u0131\u015fanlar\u0131m\u0131z\u0131n k\u00fclt\u00fcrel olarak duyarl\u0131 ve kapsay\u0131c\u0131 hizmet sunmalar\u0131na yard\u0131mc\u0131 olacak kaynaklar ve destek sa\u011fl\u0131yoruz.<\/li>\r\n<li><strong>Sorumluluk:<\/strong> \u00c7e\u015fitlilik ve kapsay\u0131c\u0131l\u0131k hedeflerimize d\u00fczenli olarak \u00f6l\u00e7erek ve ilerlememizi izleyerek kendimizi sorumlu tutuyoruz ve i\u015fimizin t\u00fcm y\u00f6nlerinde \u00e7e\u015fitlili\u011fi ve kapsay\u0131c\u0131l\u0131\u011f\u0131 te\u015fvik eden politikalar ve uygulamalar uyguluyoruz.<\/li>\r\n<\/ol>\r\n<p>GoTESOL&#8217;da, \u00e7e\u015fitlili\u011fin ve kapsay\u0131c\u0131l\u0131\u011f\u0131n i\u015fimizin ba\u015far\u0131s\u0131 i\u00e7in temel oldu\u011funa inan\u0131yoruz ve farkl\u0131l\u0131klar\u0131 kutlayan ve kucaklayan bir i\u015fyeri k\u00fclt\u00fcr\u00fc yaratmaya kararl\u0131y\u0131z.<\/p>\r\n","protected":false},"excerpt":{"rendered":"<p>&nbsp; GoTESOL, i\u015fimizin t\u00fcm y\u00f6nlerinde \u00e7e\u015fitlili\u011fi ve kapsay\u0131c\u0131l\u0131\u011f\u0131 te\u015fvik etmeyi<\/p>\n","protected":false},"author":1,"featured_media":2897,"parent":0,"menu_order":0,"comment_status":"closed","ping_status":"open","template":"","meta":{"footnotes":""},"class_list":["post-2896","page","type-page","status-publish","has-post-thumbnail","hentry"],"_links":{"self":[{"href":"https:\/\/gotesol.com\/tr\/wp-json\/wp\/v2\/pages\/2896","targetHints":{"allow":["GET"]}}],"collection":[{"href":"https:\/\/gotesol.com\/tr\/wp-json\/wp\/v2\/pages"}],"about":[{"href":"https:\/\/gotesol.com\/tr\/wp-json\/wp\/v2\/types\/page"}],"author":[{"embeddable":true,"href":"https:\/\/gotesol.com\/tr\/wp-json\/wp\/v2\/users\/1"}],"replies":[{"embeddable":true,"href":"https:\/\/gotesol.com\/tr\/wp-json\/wp\/v2\/comments?post=2896"}],"version-history":[{"count":0,"href":"https:\/\/gotesol.com\/tr\/wp-json\/wp\/v2\/pages\/2896\/revisions"}],"wp:featuredmedia":[{"embeddable":true,"href":"https:\/\/gotesol.com\/tr\/wp-json\/wp\/v2\/media\/2897"}],"wp:attachment":[{"href":"https:\/\/gotesol.com\/tr\/wp-json\/wp\/v2\/media?parent=2896"}],"curies":[{"name":"wp","href":"https:\/\/api.w.org\/{rel}","templated":true}]}}