{"id":3,"date":"2023-05-27T08:50:16","date_gmt":"2023-05-27T05:50:16","guid":{"rendered":"https:\/\/gotesol.com\/tr\/?page_id=3"},"modified":"2023-06-05T20:44:14","modified_gmt":"2023-06-05T17:44:14","slug":"gizlilik-politikasi","status":"publish","type":"page","link":"https:\/\/gotesol.com\/tr\/gizlilik-politikasi","title":{"rendered":"Gizlilik Politikas\u0131"},"content":{"rendered":"\r\n<p><strong>Ama\u00e7: <\/strong>Bu belge, GoTESOL&#8217;un \u00f6\u011frenci bilgilerinin gizlili\u011fini nas\u0131l sa\u011flayaca\u011f\u0131n\u0131 ve gizlili\u011fi nas\u0131l koruyaca\u011f\u0131n\u0131 belirtir.<\/p>\r\n<p><strong>Kapsam:<\/strong> Bu politika, GoTESOL taraf\u0131ndan toplanan, i\u015flenen ve saklanan t\u00fcm \u00f6\u011frenci bilgilerine uygulan\u0131r, bunlar aras\u0131nda ki\u015fisel ve ileti\u015fim bilgileri, kurs kay\u0131tlar\u0131 ve de\u011ferlendirme sonu\u00e7lar\u0131 dahildir ancak bunlarla s\u0131n\u0131rl\u0131 de\u011fildir.<\/p>\r\n<p><strong>Politika:<\/strong><\/p>\r\n<ul>\r\n<li><strong>\u00d6\u011frenci Bilgilerinin Toplanmas\u0131 ve Kullan\u0131m\u0131<\/strong><\/li>\r\n<\/ul>\r\n<p>GoTESOL, kurslar\u0131 sunma ve destek hizmetleri sa\u011flama amac\u0131yla \u00f6\u011frencilerden ki\u015fisel bilgiler toplar. Bu bilgiler ad, adres, e-posta adresi, telefon numaras\u0131, do\u011fum tarihi, uyruk ve e\u011fitim ge\u00e7mi\u015fi dahil olabilir ancak bunlarla s\u0131n\u0131rl\u0131 de\u011fildir. GoTESOL ayr\u0131ca \u00f6\u011frencinin kay\u0131t durumu, kurs ilerlemesi ve de\u011ferlendirme sonu\u00e7lar\u0131 hakk\u0131nda bilgi toplayabilir.<\/p>\r\n<p>GoTESOL, \u00f6\u011frenci bilgilerini sadece topland\u0131\u011f\u0131 ama\u00e7 i\u00e7in kullanacak ve bu bilgileri yasa gere\u011fi veya akreditasyon ama\u00e7lar\u0131 i\u00e7in gerekli oldu\u011fu d\u0131\u015f\u0131nda \u00fc\u00e7\u00fcnc\u00fc taraflara a\u00e7\u0131klamayacakt\u0131r.<\/p>\r\n<ul>\r\n<li>\r\n<p><strong>\u00d6\u011frenci Bilgilerinin G\u00fcvenli\u011fi<\/strong><\/p>\r\n<\/li>\r\n<\/ul>\r\n<p>GoTESOL, \u00f6\u011frenci bilgilerinin g\u00fcvenli\u011fini ciddiye al\u0131r ve \u00f6\u011frenci bilgilerinin gizlili\u011fini ve g\u00fcvenli\u011fini sa\u011flamak i\u00e7in t\u00fcm gerekli \u00f6nlemleri alacakt\u0131r. Bu, kay\u0131p, h\u0131rs\u0131zl\u0131k, izinsiz eri\u015fim, if\u015fa, kopyalama, kullanma veya de\u011fi\u015fikliklere kar\u015f\u0131 korumak i\u00e7in fiziksel, elektronik ve prosed\u00fcrel g\u00fcvenceleri i\u00e7erir.<\/p>\r\n<p>GoTESOL taraf\u0131ndan toplanan ve saklanan t\u00fcm \u00f6\u011frenci bilgileri \u015fifrelenmi\u015f ve k\u0131s\u0131tl\u0131 eri\u015fimli g\u00fcvenli veritabanlar\u0131nda saklan\u0131r ve t\u00fcm \u00e7al\u0131\u015fanlar ve y\u00fcklenicilerin \u00f6\u011frenci bilgilerine eri\u015fmeden \u00f6nce gizlilik s\u00f6zle\u015fmelerini imzalamalar\u0131 gerekmektedir.<\/p>\r\n<ul>\r\n<li><strong>\u00d6\u011frenci E-posta Adreslerinin Kullan\u0131m\u0131<\/strong><\/li>\r\n<\/ul>\r\n<p>GoTESOL, \u00f6\u011frenci e-posta adreslerini yaln\u0131zca duyurular, \u00f6devler ve geri bildirimler gibi kursla ilgili konularda \u00f6\u011frencilerle ileti\u015fim kurmak i\u00e7in kullanacakt\u0131r. GoTESOL, \u00f6\u011frenci e-posta adreslerini yasa gere\u011fi veya akreditasyon ama\u00e7lar\u0131 i\u00e7in gerekli oldu\u011fu d\u0131\u015f\u0131nda \u00fc\u00e7\u00fcnc\u00fc taraflara a\u00e7\u0131klamayacakt\u0131r.<\/p>\r\n<ul>\r\n<li>\r\n<p><strong>\u00d6\u011frenci Bilgilerine Eri\u015fme ve D\u00fczeltme Hakk\u0131<\/strong><\/p>\r\n<\/li>\r\n<\/ul>\r\n<p>\u00d6\u011frencilerin, GoTESOL taraf\u0131ndan tutulan kendi bilgilerine eri\u015fme ve bunlar\u0131 d\u00fczeltme hakk\u0131 vard\u0131r. E\u011fer bir \u00f6\u011frenci bilgilerine eri\u015fmek veya bunlar\u0131 d\u00fczeltmek istiyorsa, GoTesol&#8217;un destek ekibiyle ileti\u015fime ge\u00e7melidir.<\/p>\r\n<ul>\r\n<li>\r\n<p><strong>\u00c7erezlerin Kullan\u0131m\u0131<\/strong><\/p>\r\n<\/li>\r\n<\/ul>\r\n<p>GoTESOL, web sitemizdeki kullan\u0131c\u0131 deneyimini geli\u015ftirmek i\u00e7in \u00e7erezler kullanabilir. \u00c7erezler, bir kullan\u0131c\u0131 bir web sitesini ziyaret etti\u011finde kullan\u0131c\u0131n\u0131n bilgisayar\u0131nda veya cihaz\u0131nda saklanan k\u00fc\u00e7\u00fck dosyalard\u0131r. Bu \u00e7erezler, web sitesinin kullan\u0131c\u0131n\u0131n cihaz\u0131n\u0131 tan\u0131mas\u0131na ve tercihlerini ve ayarlar\u0131n\u0131 hat\u0131rlamas\u0131na olanak sa\u011flar.<\/p>\r\n<p>GoTESOL, kullan\u0131c\u0131lar\u0131n web sitemizle nas\u0131l etkile\u015fime girdi\u011fi hakk\u0131nda bilgi toplamak i\u00e7in \u00e7erezleri kullan\u0131r, \u00f6rne\u011fin hangi sayfalar\u0131 ziyaret ederler ve her sayfada ne kadar zaman ge\u00e7irirler. Bu bilgi, kullan\u0131c\u0131 deneyimini geli\u015ftirmek ve i\u00e7eri\u011fi ve reklamlar\u0131 ki\u015fiselle\u015ftirmek i\u00e7in kullan\u0131l\u0131r.<\/p>\r\n<p>Kullan\u0131c\u0131lar, taray\u0131c\u0131 ayarlar\u0131nda \u00e7erezleri devre d\u0131\u015f\u0131 b\u0131rakmay\u0131 se\u00e7ebilirler. Ancak, \u00e7erezleri devre d\u0131\u015f\u0131 b\u0131rakmak web sitesinin i\u015flevselli\u011fini etkileyebilir ve belirli \u00f6zelliklerin do\u011fru \u00e7al\u0131\u015fmas\u0131n\u0131 engelleyebilir.<\/p>\r\n<ul>\r\n<li>\r\n<p><strong>Veri Saklama<\/strong><\/p>\r\n<\/li>\r\n<\/ul>\r\n<p>GoTESOL, \u00f6\u011frencinin GoTESOL ile kaydolma s\u00fcresi boyunca ve sonras\u0131nda yasal y\u00fck\u00fcml\u00fcl\u00fcklerin yerine getirilmesi veya anla\u015fmazl\u0131klar\u0131n \u00e7\u00f6z\u00fclmesi i\u00e7in gereken s\u00fcre boyunca \u00f6\u011frenci verilerini saklayacakt\u0131r. Bu saklama s\u00fcresinin sonunda GoTESOL, verileri g\u00fcvenli bir \u015fekilde yok edecektir.<\/p>\r\n<ul>\r\n<li>\r\n<p><strong>\u00dc\u00e7\u00fcnc\u00fc Taraf Hizmet Sa\u011flay\u0131c\u0131lar<\/strong><\/p>\r\n<\/li>\r\n<\/ul>\r\n<p>GoTESOL, \u00f6\u011frenci verilerini i\u015flemek veya saklamak i\u00e7in \u00fc\u00e7\u00fcnc\u00fc taraf hizmet sa\u011flay\u0131c\u0131lar\u0131 kullanabilir. Bu sa\u011flay\u0131c\u0131lar, \u00f6\u011frencinin bulundu\u011fu \u00fclke d\u0131\u015f\u0131nda bulunabilir. GoTESOL, bu sa\u011flay\u0131c\u0131lar\u0131n gizlilik politikam\u0131za uydu\u011fundan ve \u00f6\u011frenci verilerini korumak i\u00e7in uygun g\u00fcvenlik \u00f6nlemleri ald\u0131\u011f\u0131ndan emin olacakt\u0131r.<\/p>\r\n<ul>\r\n<li>\r\n<p><strong>Pazarlama<\/strong><\/p>\r\n<\/li>\r\n<\/ul>\r\n<p>GoTESOL, promosyon e-postalar\u0131 g\u00f6nderme veya hedeflenmi\u015f reklamlar sunma gibi pazarlama ama\u00e7lar\u0131 i\u00e7in \u00f6\u011frenci verilerini kullanabilir. Ancak, \u00f6\u011frencilerin, GoTESOL&#8217;un destek ekibi ile ileti\u015fime ge\u00e7erek pazarlama ileti\u015fimlerinden \u00e7\u0131kma hakk\u0131 vard\u0131r.<\/p>\r\n<ul>\r\n<li>\r\n<p><strong>Uluslararas\u0131 Veri Transferleri<\/strong><\/p>\r\n<\/li>\r\n<\/ul>\r\n<p>E\u011fer GoTESOL, \u00f6\u011frenci verilerini bir \u00fc\u00e7\u00fcnc\u00fc tarafa aktar\u0131rsa veya \u00f6\u011frencinin bulundu\u011fu \u00fclke d\u0131\u015f\u0131nda bir yerde saklarsa, GoTESOL bu transferler s\u0131ras\u0131nda verilerin g\u00fcvenli\u011fini sa\u011flamak i\u00e7in uygun \u00f6nlemler alacakt\u0131r. Bu \u00f6nlemler, \u00f6\u011frenciden r\u0131za almay\u0131, al\u0131c\u0131n\u0131n uygun veri koruma yasalar\u0131na sahip bir \u00fclkede bulunmas\u0131n\u0131 sa\u011flamay\u0131 veya al\u0131c\u0131 ile GoTESOL&#8217;\u00fcn gizlilik politikas\u0131na uygunluklar\u0131 gerektiren s\u00f6zle\u015fmeler yapmay\u0131 i\u00e7erebilir.<\/p>\r\n<ul>\r\n<li>\r\n<p><strong>Gizlilik Politikas\u0131ndaki De\u011fi\u015fiklikler<\/strong><\/p>\r\n<\/li>\r\n<\/ul>\r\n<p>GoTESOL, uygulamalar\u0131m\u0131zdaki veya yasal y\u00fck\u00fcml\u00fcl\u00fcklerimizdeki de\u011fi\u015fiklikleri yans\u0131tmak i\u00e7in zaman zaman bu gizlilik politikas\u0131n\u0131 g\u00fcncelleyebilir. Gizlilik politikas\u0131ndaki herhangi bir de\u011fi\u015fiklik web sitemizde yay\u0131nlanacak ve \u00f6\u011frencilere herhangi bir \u00f6nemli de\u011fi\u015fiklik bildirilecektir.<\/p>\r\n<ul>\r\n<li>\r\n<p><strong>Bize Ula\u015f\u0131n<\/strong><\/p>\r\n<\/li>\r\n<\/ul>\r\n<p>E\u011fer GoTESOL&#8217;\u00fcn gizlilik politikas\u0131 veya uygulamalar\u0131 hakk\u0131nda herhangi bir sorunuz veya endi\u015feniz varsa, l\u00fctfen destek ekibimizle ileti\u015fime ge\u00e7iniz.<\/p>\r\n","protected":false},"excerpt":{"rendered":"<p>Ama\u00e7: Bu belge, GoTESOL&#8217;un \u00f6\u011frenci bilgilerinin gizlili\u011fini nas\u0131l sa\u011flayaca\u011f\u0131n\u0131 ve<\/p>\n","protected":false},"author":1,"featured_media":2894,"parent":0,"menu_order":0,"comment_status":"closed","ping_status":"open","template":"","meta":{"footnotes":""},"class_list":["post-3","page","type-page","status-publish","has-post-thumbnail","hentry"],"_links":{"self":[{"href":"https:\/\/gotesol.com\/tr\/wp-json\/wp\/v2\/pages\/3","targetHints":{"allow":["GET"]}}],"collection":[{"href":"https:\/\/gotesol.com\/tr\/wp-json\/wp\/v2\/pages"}],"about":[{"href":"https:\/\/gotesol.com\/tr\/wp-json\/wp\/v2\/types\/page"}],"author":[{"embeddable":true,"href":"https:\/\/gotesol.com\/tr\/wp-json\/wp\/v2\/users\/1"}],"replies":[{"embeddable":true,"href":"https:\/\/gotesol.com\/tr\/wp-json\/wp\/v2\/comments?post=3"}],"version-history":[{"count":0,"href":"https:\/\/gotesol.com\/tr\/wp-json\/wp\/v2\/pages\/3\/revisions"}],"wp:featuredmedia":[{"embeddable":true,"href":"https:\/\/gotesol.com\/tr\/wp-json\/wp\/v2\/media\/2894"}],"wp:attachment":[{"href":"https:\/\/gotesol.com\/tr\/wp-json\/wp\/v2\/media?parent=3"}],"curies":[{"name":"wp","href":"https:\/\/api.w.org\/{rel}","templated":true}]}}